{"id":13788,"date":"2025-12-27T18:46:23","date_gmt":"2025-12-27T17:46:23","guid":{"rendered":"https:\/\/elektrosvit.cz\/cookie-policy\/"},"modified":"2026-01-12T09:29:17","modified_gmt":"2026-01-12T08:29:17","slug":"cookie-policy","status":"publish","type":"page","link":"https:\/\/elektrosvit.cz\/en\/cookie-policy\/","title":{"rendered":"Cookie Policy"},"content":{"rendered":"\t\t<div data-elementor-type=\"wp-page\" data-elementor-id=\"13788\" class=\"elementor elementor-13788 elementor-13540\" data-elementor-post-type=\"page\">\n\t\t\t\t<div class=\"aux-parallax-section elementor-element elementor-element-42a170e e-flex e-con-boxed e-con e-parent\" data-id=\"42a170e\" data-element_type=\"container\">\n\t\t\t\t\t<div class=\"e-con-inner\">\n\t\t\t\t<div class=\"elementor-element elementor-element-e4753a1 elementor-widget elementor-widget-text-editor\" data-id=\"e4753a1\" data-element_type=\"widget\" data-widget_type=\"text-editor.default\">\n\t\t\t\t<div class=\"elementor-widget-container\">\n\t\t\t\t\t\t\t\t\t\n<h2 class=\"fusion-responsive-typography-calculated\" data-fontsize=\"32\" data-lineheight=\"41.92px\">What are cookies?<\/h2>\n<p>Cookies are small text files created by a web server and stored on your computer or mobile device when you browse the web. These files allow the web server to remember your movement and preferences on the website (e.g., selected language, font size, etc.) for a certain period of time, so you don&#8217;t have to re-enter them the next time you visit the website. Most websites and e-shops use cookies for their operation.  <\/p>\n<h2 class=\"fusion-responsive-typography-calculated\" data-fontsize=\"32\" data-lineheight=\"41.92px\">Cookie classification<\/h2>\n<p>Cookies can be divided according to their duration into:<\/p>\n<ul>\n<li>Short-term (session cookie) \u2013 deleted from your computer when you close your browser<\/li>\n<li>Long-term (persistent cookie) \u2013 remain stored on your computer after you close your browser and are deleted after a very long time (depending on your browser settings). You can also delete them manually.  <\/li>\n<\/ul>\n<p>According to their purpose, we can divide them into:<\/p>\n<ul>\n<li>Technical \u2013 used for basic website or page functions (playing video, sharing content, logging in)<\/li>\n<li>Analytical \u2013 used to collect non-anonymous data about your behavior. Based on this, we can modify the website to be more user-friendly. <\/li>\n<li>Remarketing \u2013 used to display targeted advertising to users<\/li>\n<\/ul>\n<h2 class=\"fusion-responsive-typography-calculated\" data-fontsize=\"32\" data-lineheight=\"41.92px\">How do we use cookies?<\/h2>\n<p>This website uses cookies for:<\/p>\n<ul>\n<li>Essential website functionality<\/li>\n<li>Remembering user settings<\/li>\n<li>Collecting anonymous statistical information about visitors<\/li>\n<li>To better customize advertising and share content on social networks<\/li>\n<\/ul>\n<h2 class=\"fusion-responsive-typography-calculated\" data-fontsize=\"32\" data-lineheight=\"41.92px\">What cookies do we use?<\/h2>\n<h3 class=\"fusion-responsive-typography-calculated\" data-fontsize=\"20\" data-lineheight=\"29px\">Google Analytics<\/h3>\n<p>Google Analytics is provided by Google, Inc. It is used to obtain and collect anonymized statistical data about the use of the website by users. The aim of using the service is to better understand the needs of our visitors and ensure their satisfaction. Google Analytics stores information about which pages you visit, how long you stay on them, where you came to the pages from, and which links you click on. All information, together with cookies, is transferred and stored by Google, Inc. on servers in the United States of America. This data does not contain any confidential information that would enable us to identify a specific visitor. The retention period for this information is set indefinitely. Google, Inc. may provide this data to third parties if required by law.       <\/p>\n<p>For more information about privacy, click here: <a href=\"https:\/\/support.google.com\/analytics\/topic\/2919631?hl=sk&amp;ref_topic=1008008\">https:\/\/support.google.com\/ analytics \/ topic \/ 2919631? hl = cs &amp; ref_topic = 1008008<\/a><\/p>\n<p>To install the Google Analytics opt-out browser add-on, click here: <a href=\"https:\/\/tools.google.com\/dlpage\/gaoptout\">https:\/\/tools.google.com\/dlpage\/gaoptou<\/a><\/p>\n<h3 class=\"fusion-responsive-typography-calculated\" data-fontsize=\"20\" data-lineheight=\"29px\">Facebook<\/h3>\n<p>Facebook, Inc. uses cookies to operate the like and share buttons, so that a website visitor can share information displayed on your website more quickly and conveniently. (E.g. articles, products, portfolio, etc.) For more information about the cookies used by Facebook, Inc., click here: <a href=\"https:\/\/sk-sk.facebook.com\/policies\/cookies\/\">https:\/\/sk-sk.facebook.com\/policies\/cookies\/<\/a>  <\/p>\n<h2 class=\"fusion-responsive-typography-calculated\" data-fontsize=\"32\" data-lineheight=\"41.92px\">Browser settings<\/h2>\n<p>Most web browsers can be set to block cookies. Even though some elements on the website may not work properly. Cookie settings are usually found in the &#8220;Options&#8221; or &#8220;Settings&#8221; tab.  <\/p>\n<p>Cookie settings for specific browsers:<\/p>\n<ul>\n<li>Internet Explorer \u2013 <a href=\"https:\/\/support.microsoft.com\/sk-sk\/help\/17442\/windows-internet-explorer-delete-manage-cookies\">https:\/\/support.microsoft.com\/sk-sk\/help\/17442\/windows-internet-explorer-delete-manage-cookies<\/a><\/li>\n<li>Mozilla Firefox \u2013 <a href=\"https:\/\/support.mozilla.org\/sk\/kb\/Spr%C3%A1va%20cookies\">https:\/\/support.mozilla.org\/sk\/kb\/Spr%C3%A1va%20cookies<\/a><\/li>\n<li>Google Chrome \u2013 <a href=\"https:\/\/support.google.com\/chrome\/answer\/95647?hl=sk\">https:\/\/support.google.com\/chrome\/answer\/95647?hl=sk<\/a><\/li>\n<li>Safari \u2013 <a href=\"https:\/\/support.apple.com\/kb\/ph21411?locale=sk_SK\">https:\/\/support.apple.com\/kb\/ph21411?locale=sk_SK<\/a><\/li>\n<\/ul>\n<p>For more information about cookies and their use, visit <a href=\"https:\/\/www.aboutcookies.org\/\">https:\/\/aboutcookies.org\/<\/a><\/p>\t\t\t\t\t\t\t\t<\/div>\n\t\t\t\t<\/div>\n\t\t\t\t\t<\/div>\n\t\t\t\t<\/div>\n\t\t\t\t<\/div>\n\t\t","protected":false},"excerpt":{"rendered":"<p>What are cookies? Cookies are small text files created by a web server and stored on your computer or mobile device when you browse the web. These files allow the web server to remember your movement and preferences on the website (e.g., selected language, font size, etc.) for a certain period of time, so you [&hellip;]<\/p>\n","protected":false},"author":1,"featured_media":0,"parent":0,"menu_order":5,"comment_status":"closed","ping_status":"closed","template":"","meta":{"footnotes":""},"class_list":["post-13788","page","type-page","status-publish","hentry"],"yoast_head":"<!-- This site is optimized with the Yoast SEO plugin v26.7 - https:\/\/yoast.com\/wordpress\/plugins\/seo\/ -->\n<title>Cookie Policy - ELEKTROSVIT Svatobo\u0159ice, a. s.<\/title>\n<meta name=\"robots\" content=\"index, follow, max-snippet:-1, max-image-preview:large, max-video-preview:-1\" \/>\n<link rel=\"canonical\" href=\"https:\/\/elektrosvit.cz\/en\/cookie-policy\/\" \/>\n<meta property=\"og:locale\" content=\"en_US\" \/>\n<meta property=\"og:type\" content=\"article\" \/>\n<meta property=\"og:title\" content=\"Cookie Policy - ELEKTROSVIT Svatobo\u0159ice, a. s.\" \/>\n<meta property=\"og:description\" content=\"What are cookies? Cookies are small text files created by a web server and stored on your computer or mobile device when you browse the web. These files allow the web server to remember your movement and preferences on the website (e.g., selected language, font size, etc.) for a certain period of time, so you [&hellip;]\" \/>\n<meta property=\"og:url\" content=\"https:\/\/elektrosvit.cz\/en\/cookie-policy\/\" \/>\n<meta property=\"og:site_name\" content=\"ELEKTROSVIT Svatobo\u0159ice, a. s.\" \/>\n<meta property=\"article:modified_time\" content=\"2026-01-12T08:29:17+00:00\" \/>\n<meta name=\"twitter:card\" content=\"summary_large_image\" \/>\n<meta name=\"twitter:label1\" content=\"Est. reading time\" \/>\n\t<meta name=\"twitter:data1\" content=\"3 minutes\" \/>\n<script type=\"application\/ld+json\" class=\"yoast-schema-graph\">{\"@context\":\"https:\/\/schema.org\",\"@graph\":[{\"@type\":\"WebPage\",\"@id\":\"https:\/\/elektrosvit.cz\/en\/cookie-policy\/\",\"url\":\"https:\/\/elektrosvit.cz\/en\/cookie-policy\/\",\"name\":\"Cookie Policy - ELEKTROSVIT Svatobo\u0159ice, a. s.\",\"isPartOf\":{\"@id\":\"https:\/\/elektrosvit.cz\/en\/#website\"},\"datePublished\":\"2025-12-27T17:46:23+00:00\",\"dateModified\":\"2026-01-12T08:29:17+00:00\",\"breadcrumb\":{\"@id\":\"https:\/\/elektrosvit.cz\/en\/cookie-policy\/#breadcrumb\"},\"inLanguage\":\"en-US\",\"potentialAction\":[{\"@type\":\"ReadAction\",\"target\":[\"https:\/\/elektrosvit.cz\/en\/cookie-policy\/\"]}]},{\"@type\":\"BreadcrumbList\",\"@id\":\"https:\/\/elektrosvit.cz\/en\/cookie-policy\/#breadcrumb\",\"itemListElement\":[{\"@type\":\"ListItem\",\"position\":1,\"name\":\"Home\",\"item\":\"https:\/\/elektrosvit.cz\/en\/\"},{\"@type\":\"ListItem\",\"position\":2,\"name\":\"Cookie Policy\"}]},{\"@type\":\"WebSite\",\"@id\":\"https:\/\/elektrosvit.cz\/en\/#website\",\"url\":\"https:\/\/elektrosvit.cz\/en\/\",\"name\":\"ELEKTROSVIT Svatobo\u0159ice, a. s.\",\"description\":\"Tradi\u010dn\u00ed v\u00fdroba pr\u016fmyslov\u00e9 osv\u011btlovac\u00ed techniky\",\"publisher\":{\"@id\":\"https:\/\/elektrosvit.cz\/en\/#organization\"},\"potentialAction\":[{\"@type\":\"SearchAction\",\"target\":{\"@type\":\"EntryPoint\",\"urlTemplate\":\"https:\/\/elektrosvit.cz\/en\/?s={search_term_string}\"},\"query-input\":{\"@type\":\"PropertyValueSpecification\",\"valueRequired\":true,\"valueName\":\"search_term_string\"}}],\"inLanguage\":\"en-US\"},{\"@type\":\"Organization\",\"@id\":\"https:\/\/elektrosvit.cz\/en\/#organization\",\"name\":\"ELEKTROSVIT Svatobo\u0159ice, a. s.\",\"url\":\"https:\/\/elektrosvit.cz\/en\/\",\"logo\":{\"@type\":\"ImageObject\",\"inLanguage\":\"en-US\",\"@id\":\"https:\/\/elektrosvit.cz\/en\/#\/schema\/logo\/image\/\",\"url\":\"https:\/\/elektrosvit.cz\/wp-content\/uploads\/2026\/01\/elektrosvit-logo-white.svg\",\"contentUrl\":\"https:\/\/elektrosvit.cz\/wp-content\/uploads\/2026\/01\/elektrosvit-logo-white.svg\",\"width\":207,\"height\":33,\"caption\":\"ELEKTROSVIT Svatobo\u0159ice, a. s.\"},\"image\":{\"@id\":\"https:\/\/elektrosvit.cz\/en\/#\/schema\/logo\/image\/\"}}]}<\/script>\n<!-- \/ Yoast SEO plugin. -->","yoast_head_json":{"title":"Cookie Policy - ELEKTROSVIT Svatobo\u0159ice, a. s.","robots":{"index":"index","follow":"follow","max-snippet":"max-snippet:-1","max-image-preview":"max-image-preview:large","max-video-preview":"max-video-preview:-1"},"canonical":"https:\/\/elektrosvit.cz\/en\/cookie-policy\/","og_locale":"en_US","og_type":"article","og_title":"Cookie Policy - ELEKTROSVIT Svatobo\u0159ice, a. s.","og_description":"What are cookies? Cookies are small text files created by a web server and stored on your computer or mobile device when you browse the web. These files allow the web server to remember your movement and preferences on the website (e.g., selected language, font size, etc.) for a certain period of time, so you [&hellip;]","og_url":"https:\/\/elektrosvit.cz\/en\/cookie-policy\/","og_site_name":"ELEKTROSVIT Svatobo\u0159ice, a. s.","article_modified_time":"2026-01-12T08:29:17+00:00","twitter_card":"summary_large_image","twitter_misc":{"Est. reading time":"3 minutes"},"schema":{"@context":"https:\/\/schema.org","@graph":[{"@type":"WebPage","@id":"https:\/\/elektrosvit.cz\/en\/cookie-policy\/","url":"https:\/\/elektrosvit.cz\/en\/cookie-policy\/","name":"Cookie Policy - ELEKTROSVIT Svatobo\u0159ice, a. s.","isPartOf":{"@id":"https:\/\/elektrosvit.cz\/en\/#website"},"datePublished":"2025-12-27T17:46:23+00:00","dateModified":"2026-01-12T08:29:17+00:00","breadcrumb":{"@id":"https:\/\/elektrosvit.cz\/en\/cookie-policy\/#breadcrumb"},"inLanguage":"en-US","potentialAction":[{"@type":"ReadAction","target":["https:\/\/elektrosvit.cz\/en\/cookie-policy\/"]}]},{"@type":"BreadcrumbList","@id":"https:\/\/elektrosvit.cz\/en\/cookie-policy\/#breadcrumb","itemListElement":[{"@type":"ListItem","position":1,"name":"Home","item":"https:\/\/elektrosvit.cz\/en\/"},{"@type":"ListItem","position":2,"name":"Cookie Policy"}]},{"@type":"WebSite","@id":"https:\/\/elektrosvit.cz\/en\/#website","url":"https:\/\/elektrosvit.cz\/en\/","name":"ELEKTROSVIT Svatobo\u0159ice, a. s.","description":"Tradi\u010dn\u00ed v\u00fdroba pr\u016fmyslov\u00e9 osv\u011btlovac\u00ed techniky","publisher":{"@id":"https:\/\/elektrosvit.cz\/en\/#organization"},"potentialAction":[{"@type":"SearchAction","target":{"@type":"EntryPoint","urlTemplate":"https:\/\/elektrosvit.cz\/en\/?s={search_term_string}"},"query-input":{"@type":"PropertyValueSpecification","valueRequired":true,"valueName":"search_term_string"}}],"inLanguage":"en-US"},{"@type":"Organization","@id":"https:\/\/elektrosvit.cz\/en\/#organization","name":"ELEKTROSVIT Svatobo\u0159ice, a. s.","url":"https:\/\/elektrosvit.cz\/en\/","logo":{"@type":"ImageObject","inLanguage":"en-US","@id":"https:\/\/elektrosvit.cz\/en\/#\/schema\/logo\/image\/","url":"https:\/\/elektrosvit.cz\/wp-content\/uploads\/2026\/01\/elektrosvit-logo-white.svg","contentUrl":"https:\/\/elektrosvit.cz\/wp-content\/uploads\/2026\/01\/elektrosvit-logo-white.svg","width":207,"height":33,"caption":"ELEKTROSVIT Svatobo\u0159ice, a. s."},"image":{"@id":"https:\/\/elektrosvit.cz\/en\/#\/schema\/logo\/image\/"}}]}},"_links":{"self":[{"href":"https:\/\/elektrosvit.cz\/en\/wp-json\/wp\/v2\/pages\/13788","targetHints":{"allow":["GET"]}}],"collection":[{"href":"https:\/\/elektrosvit.cz\/en\/wp-json\/wp\/v2\/pages"}],"about":[{"href":"https:\/\/elektrosvit.cz\/en\/wp-json\/wp\/v2\/types\/page"}],"author":[{"embeddable":true,"href":"https:\/\/elektrosvit.cz\/en\/wp-json\/wp\/v2\/users\/1"}],"replies":[{"embeddable":true,"href":"https:\/\/elektrosvit.cz\/en\/wp-json\/wp\/v2\/comments?post=13788"}],"version-history":[{"count":3,"href":"https:\/\/elektrosvit.cz\/en\/wp-json\/wp\/v2\/pages\/13788\/revisions"}],"predecessor-version":[{"id":13797,"href":"https:\/\/elektrosvit.cz\/en\/wp-json\/wp\/v2\/pages\/13788\/revisions\/13797"}],"wp:attachment":[{"href":"https:\/\/elektrosvit.cz\/en\/wp-json\/wp\/v2\/media?parent=13788"}],"curies":[{"name":"wp","href":"https:\/\/api.w.org\/{rel}","templated":true}]}}