{"id":13663,"date":"2025-09-26T12:11:03","date_gmt":"2025-09-26T10:11:03","guid":{"rendered":"https:\/\/elektrosvit.cz\/career\/"},"modified":"2026-04-10T08:30:04","modified_gmt":"2026-04-10T06:30:04","slug":"career","status":"publish","type":"page","link":"https:\/\/elektrosvit.cz\/en\/career\/","title":{"rendered":"Career"},"content":{"rendered":"\t\t<div data-elementor-type=\"wp-post\" data-elementor-id=\"13663\" class=\"elementor elementor-13663 elementor-1561\" data-elementor-post-type=\"page\">\n\t\t\t\t<div class=\"aux-parallax-section elementor-element elementor-element-de3fdc8 e-flex e-con-boxed e-con e-parent\" data-id=\"de3fdc8\" data-element_type=\"container\">\n\t\t\t\t\t<div class=\"e-con-inner\">\n\t\t<div class=\"elementor-element elementor-element-15c77b3 e-con-full e-flex e-con e-child\" data-id=\"15c77b3\" data-element_type=\"container\">\n\t\t\t\t<div class=\"elementor-element elementor-element-9534562 aux-appear-watch-animation aux-fade-in elementor-widget elementor-widget-aux_modern_heading\" data-id=\"9534562\" data-element_type=\"widget\" data-widget_type=\"aux_modern_heading.default\">\n\t\t\t\t<div class=\"elementor-widget-container\">\n\t\t\t\t\t<section class=\"aux-widget-modern-heading\">\n            <div class=\"aux-widget-inner\"><div class=\"aux-modern-heading-divider\"><\/div><div class=\"aux-modern-heading-primary\">Vacancies<\/div><h1 class=\"aux-modern-heading-secondary\"><span class=\"aux-head-before\">Career<\/span><\/h1><div class=\"aux-modern-heading-description\">&nbsp;\n\nELEKTROSVIT Svatobo\u0159ice, a.s. is looking for a new colleague for the job position<\/div><\/div>\n        <\/section>\t\t\t\t<\/div>\n\t\t\t\t<\/div>\n\t\t\t\t<\/div>\n\t\t\t\t\t<\/div>\n\t\t\t\t<\/div>\n\t\t\t\t<\/div>\n\t\t","protected":false},"excerpt":{"rendered":"<p>Vacancies Career &nbsp; ELEKTROSVIT Svatobo\u0159ice, a.s. is looking for a new colleague for the job position<\/p>\n","protected":false},"author":1,"featured_media":0,"parent":0,"menu_order":10,"comment_status":"closed","ping_status":"closed","template":"templates\/page-builder-content.php","meta":{"footnotes":""},"class_list":["post-13663","page","type-page","status-publish","hentry"],"yoast_head":"<!-- This site is optimized with the Yoast SEO plugin v26.7 - https:\/\/yoast.com\/wordpress\/plugins\/seo\/ -->\n<title>Career - ELEKTROSVIT Svatobo\u0159ice, a. s.<\/title>\n<meta name=\"description\" content=\"Start your career at Elektrosvit Svatobo\u0159ice, a traditional Czech manufacturer of electric lighting with more than a century of tradition.\" \/>\n<meta name=\"robots\" content=\"index, follow, max-snippet:-1, max-image-preview:large, max-video-preview:-1\" \/>\n<link rel=\"canonical\" href=\"https:\/\/elektrosvit.cz\/en\/career\/\" \/>\n<meta property=\"og:locale\" content=\"en_US\" \/>\n<meta property=\"og:type\" content=\"article\" \/>\n<meta property=\"og:title\" content=\"Career - ELEKTROSVIT Svatobo\u0159ice, a. s.\" \/>\n<meta property=\"og:description\" content=\"Start your career at Elektrosvit Svatobo\u0159ice, a traditional Czech manufacturer of electric lighting with more than a century of tradition.\" \/>\n<meta property=\"og:url\" content=\"https:\/\/elektrosvit.cz\/en\/career\/\" \/>\n<meta property=\"og:site_name\" content=\"ELEKTROSVIT Svatobo\u0159ice, a. s.\" \/>\n<meta property=\"article:modified_time\" content=\"2026-04-10T06:30:04+00:00\" \/>\n<meta name=\"twitter:card\" content=\"summary_large_image\" \/>\n<meta name=\"twitter:label1\" content=\"Est. reading time\" \/>\n\t<meta name=\"twitter:data1\" content=\"1 minute\" \/>\n<script type=\"application\/ld+json\" class=\"yoast-schema-graph\">{\"@context\":\"https:\/\/schema.org\",\"@graph\":[{\"@type\":\"WebPage\",\"@id\":\"https:\/\/elektrosvit.cz\/en\/career\/\",\"url\":\"https:\/\/elektrosvit.cz\/en\/career\/\",\"name\":\"Career - ELEKTROSVIT Svatobo\u0159ice, a. s.\",\"isPartOf\":{\"@id\":\"https:\/\/elektrosvit.cz\/en\/#website\"},\"datePublished\":\"2025-09-26T10:11:03+00:00\",\"dateModified\":\"2026-04-10T06:30:04+00:00\",\"description\":\"Start your career at Elektrosvit Svatobo\u0159ice, a traditional Czech manufacturer of electric lighting with more than a century of tradition.\",\"breadcrumb\":{\"@id\":\"https:\/\/elektrosvit.cz\/en\/career\/#breadcrumb\"},\"inLanguage\":\"en-US\",\"potentialAction\":[{\"@type\":\"ReadAction\",\"target\":[\"https:\/\/elektrosvit.cz\/en\/career\/\"]}]},{\"@type\":\"BreadcrumbList\",\"@id\":\"https:\/\/elektrosvit.cz\/en\/career\/#breadcrumb\",\"itemListElement\":[{\"@type\":\"ListItem\",\"position\":1,\"name\":\"Home\",\"item\":\"https:\/\/elektrosvit.cz\/en\/\"},{\"@type\":\"ListItem\",\"position\":2,\"name\":\"Career\"}]},{\"@type\":\"WebSite\",\"@id\":\"https:\/\/elektrosvit.cz\/en\/#website\",\"url\":\"https:\/\/elektrosvit.cz\/en\/\",\"name\":\"ELEKTROSVIT Svatobo\u0159ice, a. s.\",\"description\":\"Tradi\u010dn\u00ed v\u00fdroba pr\u016fmyslov\u00e9 osv\u011btlovac\u00ed techniky\",\"publisher\":{\"@id\":\"https:\/\/elektrosvit.cz\/en\/#organization\"},\"potentialAction\":[{\"@type\":\"SearchAction\",\"target\":{\"@type\":\"EntryPoint\",\"urlTemplate\":\"https:\/\/elektrosvit.cz\/en\/?s={search_term_string}\"},\"query-input\":{\"@type\":\"PropertyValueSpecification\",\"valueRequired\":true,\"valueName\":\"search_term_string\"}}],\"inLanguage\":\"en-US\"},{\"@type\":\"Organization\",\"@id\":\"https:\/\/elektrosvit.cz\/en\/#organization\",\"name\":\"ELEKTROSVIT Svatobo\u0159ice, a. s.\",\"url\":\"https:\/\/elektrosvit.cz\/en\/\",\"logo\":{\"@type\":\"ImageObject\",\"inLanguage\":\"en-US\",\"@id\":\"https:\/\/elektrosvit.cz\/en\/#\/schema\/logo\/image\/\",\"url\":\"https:\/\/elektrosvit.cz\/wp-content\/uploads\/2026\/01\/elektrosvit-logo-white.svg\",\"contentUrl\":\"https:\/\/elektrosvit.cz\/wp-content\/uploads\/2026\/01\/elektrosvit-logo-white.svg\",\"width\":207,\"height\":33,\"caption\":\"ELEKTROSVIT Svatobo\u0159ice, a. s.\"},\"image\":{\"@id\":\"https:\/\/elektrosvit.cz\/en\/#\/schema\/logo\/image\/\"}}]}<\/script>\n<!-- \/ Yoast SEO plugin. -->","yoast_head_json":{"title":"Career - ELEKTROSVIT Svatobo\u0159ice, a. s.","description":"Start your career at Elektrosvit Svatobo\u0159ice, a traditional Czech manufacturer of electric lighting with more than a century of tradition.","robots":{"index":"index","follow":"follow","max-snippet":"max-snippet:-1","max-image-preview":"max-image-preview:large","max-video-preview":"max-video-preview:-1"},"canonical":"https:\/\/elektrosvit.cz\/en\/career\/","og_locale":"en_US","og_type":"article","og_title":"Career - ELEKTROSVIT Svatobo\u0159ice, a. s.","og_description":"Start your career at Elektrosvit Svatobo\u0159ice, a traditional Czech manufacturer of electric lighting with more than a century of tradition.","og_url":"https:\/\/elektrosvit.cz\/en\/career\/","og_site_name":"ELEKTROSVIT Svatobo\u0159ice, a. s.","article_modified_time":"2026-04-10T06:30:04+00:00","twitter_card":"summary_large_image","twitter_misc":{"Est. reading time":"1 minute"},"schema":{"@context":"https:\/\/schema.org","@graph":[{"@type":"WebPage","@id":"https:\/\/elektrosvit.cz\/en\/career\/","url":"https:\/\/elektrosvit.cz\/en\/career\/","name":"Career - ELEKTROSVIT Svatobo\u0159ice, a. s.","isPartOf":{"@id":"https:\/\/elektrosvit.cz\/en\/#website"},"datePublished":"2025-09-26T10:11:03+00:00","dateModified":"2026-04-10T06:30:04+00:00","description":"Start your career at Elektrosvit Svatobo\u0159ice, a traditional Czech manufacturer of electric lighting with more than a century of tradition.","breadcrumb":{"@id":"https:\/\/elektrosvit.cz\/en\/career\/#breadcrumb"},"inLanguage":"en-US","potentialAction":[{"@type":"ReadAction","target":["https:\/\/elektrosvit.cz\/en\/career\/"]}]},{"@type":"BreadcrumbList","@id":"https:\/\/elektrosvit.cz\/en\/career\/#breadcrumb","itemListElement":[{"@type":"ListItem","position":1,"name":"Home","item":"https:\/\/elektrosvit.cz\/en\/"},{"@type":"ListItem","position":2,"name":"Career"}]},{"@type":"WebSite","@id":"https:\/\/elektrosvit.cz\/en\/#website","url":"https:\/\/elektrosvit.cz\/en\/","name":"ELEKTROSVIT Svatobo\u0159ice, a. s.","description":"Tradi\u010dn\u00ed v\u00fdroba pr\u016fmyslov\u00e9 osv\u011btlovac\u00ed techniky","publisher":{"@id":"https:\/\/elektrosvit.cz\/en\/#organization"},"potentialAction":[{"@type":"SearchAction","target":{"@type":"EntryPoint","urlTemplate":"https:\/\/elektrosvit.cz\/en\/?s={search_term_string}"},"query-input":{"@type":"PropertyValueSpecification","valueRequired":true,"valueName":"search_term_string"}}],"inLanguage":"en-US"},{"@type":"Organization","@id":"https:\/\/elektrosvit.cz\/en\/#organization","name":"ELEKTROSVIT Svatobo\u0159ice, a. s.","url":"https:\/\/elektrosvit.cz\/en\/","logo":{"@type":"ImageObject","inLanguage":"en-US","@id":"https:\/\/elektrosvit.cz\/en\/#\/schema\/logo\/image\/","url":"https:\/\/elektrosvit.cz\/wp-content\/uploads\/2026\/01\/elektrosvit-logo-white.svg","contentUrl":"https:\/\/elektrosvit.cz\/wp-content\/uploads\/2026\/01\/elektrosvit-logo-white.svg","width":207,"height":33,"caption":"ELEKTROSVIT Svatobo\u0159ice, a. s."},"image":{"@id":"https:\/\/elektrosvit.cz\/en\/#\/schema\/logo\/image\/"}}]}},"_links":{"self":[{"href":"https:\/\/elektrosvit.cz\/en\/wp-json\/wp\/v2\/pages\/13663","targetHints":{"allow":["GET"]}}],"collection":[{"href":"https:\/\/elektrosvit.cz\/en\/wp-json\/wp\/v2\/pages"}],"about":[{"href":"https:\/\/elektrosvit.cz\/en\/wp-json\/wp\/v2\/types\/page"}],"author":[{"embeddable":true,"href":"https:\/\/elektrosvit.cz\/en\/wp-json\/wp\/v2\/users\/1"}],"replies":[{"embeddable":true,"href":"https:\/\/elektrosvit.cz\/en\/wp-json\/wp\/v2\/comments?post=13663"}],"version-history":[{"count":7,"href":"https:\/\/elektrosvit.cz\/en\/wp-json\/wp\/v2\/pages\/13663\/revisions"}],"predecessor-version":[{"id":15850,"href":"https:\/\/elektrosvit.cz\/en\/wp-json\/wp\/v2\/pages\/13663\/revisions\/15850"}],"wp:attachment":[{"href":"https:\/\/elektrosvit.cz\/en\/wp-json\/wp\/v2\/media?parent=13663"}],"curies":[{"name":"wp","href":"https:\/\/api.w.org\/{rel}","templated":true}]}}