{"id":13659,"date":"2019-01-09T07:57:55","date_gmt":"2019-01-09T06:57:55","guid":{"rendered":"https:\/\/elektrosvit.cz\/references\/"},"modified":"2026-01-26T09:28:05","modified_gmt":"2026-01-26T08:28:05","slug":"references","status":"publish","type":"page","link":"https:\/\/elektrosvit.cz\/en\/references\/","title":{"rendered":"References"},"content":{"rendered":"\t\t<div data-elementor-type=\"wp-post\" data-elementor-id=\"13659\" class=\"elementor elementor-13659 elementor-118\" data-elementor-post-type=\"page\">\n\t\t\t\t<div class=\"aux-parallax-section elementor-element elementor-element-9fdd512 e-flex e-con-boxed e-con e-parent\" data-id=\"9fdd512\" data-element_type=\"container\">\n\t\t\t\t\t<div class=\"e-con-inner\">\n\t\t<div class=\"elementor-element elementor-element-802be91 e-con-full e-flex e-con e-child\" data-id=\"802be91\" data-element_type=\"container\">\n\t\t\t\t<div class=\"elementor-element elementor-element-1f9ae88 aux-appear-watch-animation aux-fade-in-right elementor-widget__width-inherit elementor-widget elementor-widget-aux_modern_heading\" data-id=\"1f9ae88\" data-element_type=\"widget\" data-widget_type=\"aux_modern_heading.default\">\n\t\t\t\t<div class=\"elementor-widget-container\">\n\t\t\t\t\t<section class=\"aux-widget-modern-heading\">\n            <div class=\"aux-widget-inner\"><p class=\"aux-modern-heading-primary\"><\/p><h1 class=\"aux-modern-heading-secondary\"><span class=\"aux-head-before\">references<\/span><\/h1><div class=\"aux-modern-heading-divider\"><\/div><div class=\"aux-modern-heading-description\"><h2>Previous References<\/h2><\/div><\/div>\n        <\/section>\t\t\t\t<\/div>\n\t\t\t\t<\/div>\n\t\t\t\t<\/div>\n\t\t<div class=\"elementor-element elementor-element-5b39748 e-con-full e-flex e-con e-child\" data-id=\"5b39748\" data-element_type=\"container\">\n\t\t\t\t<div class=\"elementor-element elementor-element-df3be14 elementor-widget elementor-widget-aux_recent_portfolios_tile\" data-id=\"df3be14\" data-element_type=\"widget\" data-widget_type=\"aux_recent_portfolios_tile.default\">\n\t\t\t\t<div class=\"elementor-widget-container\">\n\t\t\t\t\t<section class=\"widget-container aux-widget-recent-portfolios aux-parent-au2218d1da\"><div id=\"69ece2b2d7918\" data-element-id=\"au2218d1da\" class=\"aux-portfolio-columns aux-ajax-view aux-isotope-animated aux-tiles-layout aux-lightbox-gallery\" data-lazyload=\"true\" data-space=\"0\" data-pagination=\"true\" data-deeplink=\"false\" data-slug=\"\" data-perpage=\"11\" data-layout=\"packery\" data-reveal-transition-duration=\"600\" data-reveal-between-delay=\"60\" data-hide-transition-duration=\"600\" data-hide-between-delay=\"30\" data-num=\"12\" data-order=\"DESC\" data-orderby=\"date\" data-taxonomy=\"\" data-n=\"dad5ce68bb\"><div class=\"aux-items-loading aux-loading-hide\"><div class=\"aux-loading-loop\"><svg class=\"aux-circle\" width=\"100%\" height=\"100%\" viewBox=\"0 0 42 42\"><circle class=\"aux-stroke-bg\" r=\"20\" cx=\"21\" cy=\"21\" fill=\"none\"><\/circle><circle class=\"aux-progress\" r=\"20\" cx=\"21\" cy=\"21\" fill=\"none\" transform=\"rotate(-90 21 21)\"><\/circle><\/svg><\/div><\/div><div class=\"aux-iso-item aux-loading aux-tile-sg-4-4 aux-t-tile-sg-6-6 aux-m-tile-sg-12-12\">                         <article class=\"aux-item-overlay aux-hover-active aux-hover-twoway  post-13831 portfolio type-portfolio status-publish has-post-thumbnail hentry portfolio-cat-construction portfolio-tag-uncategorized portfolio-filter-uncategorized\" >\n                                <div class=\"entry-media aux-frame-darken \">\n                                    <div class=\"aux-media-frame aux-media-image\"><a href=\"https:\/\/elektrosvit.cz\/en\/portfolio\/unipetrol-rpa\/\"><img fetchpriority=\"high\" decoding=\"async\" width=\"531\" height=\"531\" src=\"https:\/\/elektrosvit.cz\/wp-content\/uploads\/2019\/01\/elektrosvit-referencie-unipetrol-1-531x531.jpg\" class=\"aux-attachment aux-featured-image attachment-531.333333333x531.333333333 aux-attachment-id-13832 \" alt=\"elektrosvit-referencie-unipetrol-1\" srcset=\"https:\/\/elektrosvit.cz\/wp-content\/uploads\/2019\/01\/elektrosvit-referencie-unipetrol-1-150x150.jpg 150w,https:\/\/elektrosvit.cz\/wp-content\/uploads\/2019\/01\/elektrosvit-referencie-unipetrol-1-300x300.jpg 300w,https:\/\/elektrosvit.cz\/wp-content\/uploads\/2019\/01\/elektrosvit-referencie-unipetrol-1-768x768.jpg 768w,https:\/\/elektrosvit.cz\/wp-content\/uploads\/2019\/01\/elektrosvit-referencie-unipetrol-1-531x531.jpg 531w,https:\/\/elektrosvit.cz\/wp-content\/uploads\/2019\/01\/elektrosvit-referencie-unipetrol-1-790x790.jpg 790w\" data-ratio=\"1\" data-original-w=\"800\" sizes=\"(max-width:479px) 480px,(max-width:767px) 768px,(max-width:1023px) 1024px,531px\" \/><\/a><\/div>                                <\/div>\n\n                                <div class=\"aux-overlay-content\">\n                                                                        <div class=\"aux-portfolio-overlay-buttons\">\n                                        <div class=\"aux-hover-circle-plus aux-delay-2x\">\n                                            <a href=\"https:\/\/elektrosvit.cz\/wp-content\/uploads\/2019\/01\/elektrosvit-referencie-unipetrol-1.jpg\" data-elementor-open-lightbox = \"no\" data-original-width = \"800\" data-original-height = \"800\" data-caption = \"elektrosvit-referencie-unipetrol-1\" class=\"aux-lightbox-btn \" >\n                                                <div class=\"aux-arrow-nav aux-round aux-hover-slide aux-outline aux-semi-small aux-white\">\n                                                    <span class=\"aux-overlay\"><\/span>\n                                                    <span class=\"aux-svg-arrow aux-medium-plus aux-white\"><\/span>\n                                                    <span class=\"aux-hover-arrow aux-svg-arrow aux-medium-plus aux-black\"><\/span>\n                                                <\/div>\n                                            <\/a>\n                                        <\/div>\n                                        <div class=\"aux-arrow-post-link aux-hover-circle-link\">\n                                            <a href=\"https:\/\/elektrosvit.cz\/en\/portfolio\/unipetrol-rpa\/\">\n                                                <div class=\"aux-arrow-nav aux-round aux-hover-slide aux-outline aux-semi-small aux-white\">\n                                                    <span class=\"aux-overlay\"><\/span>\n                                                    <span class=\"aux-svg-arrow aux-medium-right aux-white\"><\/span>\n                                                    <span class=\"aux-hover-arrow aux-svg-arrow aux-medium-right aux-black\"><\/span>\n                                                <\/div>\n                                            <\/a>\n                                        <\/div>\n\n                                    <\/div>\n                                                                                                            <div class=\"entry-main\">\n\n                                                                        <header class=\"entry-header\">\n                                        <h3 class=\"entry-title aux-hover-move-up\">\n                                            <a href=\"https:\/\/elektrosvit.cz\/en\/portfolio\/unipetrol-rpa\/\">\n                                                UNIPETROL RPA                                            <\/a>\n                                        <\/h3>\n                                    <\/header>\n                                                                                                                                                <\/div>\n                                                                <\/div>\n                        <\/article>\n<\/div><\/div><script type=\"text\/javascript\">var au2218d1daAjaxConfig = {\"title\":\"\",\"cat\":[],\"num\":\"12\",\"only_posts__in\":\"\",\"include\":\"\",\"exclude\":\"\",\"posts_per_page\":-1,\"offset\":\"\",\"order_by\":\"date\",\"order\":\"DESC\",\"exclude_without_media\":\"yes\",\"display_like\":false,\"deeplink\":\"\",\"use_ajax\":\"\",\"deeplink_slug\":null,\"show_filters\":\"\",\"filter_by\":null,\"filter_style\":null,\"filter_align\":null,\"reveal_transition_duration\":\"600\",\"reveal_between_delay\":\"60\",\"hide_transition_duration\":\"600\",\"hide_between_delay\":\"30\",\"item_style\":\"classic\",\"tile_style_pattern\":\"pattern-7\",\"tiles_item_style\":\"overlay-lightbox\",\"entry_background_color\":\"\",\"entry_border_color\":\"\",\"paginate\":\"yes\",\"perpage\":\"11\",\"crop\":true,\"display_title\":\"yes\",\"show_info\":\"\",\"display_read_more\":false,\"image_aspect_ratio\":0.75,\"space\":30,\"desktop_cnum\":4,\"tablet_cnum\":\"inherit\",\"phone_cnum\":\"1\",\"layout\":\"tiles\",\"tag\":\"\",\"filter\":\"\",\"extra_classes\":\"\",\"extra_column_classes\":\"\",\"custom_el_id\":\"\",\"template_part_file\":\"recent-portfolio\",\"extra_template_path\":\"\\\/data\\\/a\\\/6\\\/a6c6a913-0310-4ed6-bc1e-be8eade62764\\\/elektrosvit.cz\\\/web\\\/wp-content\\\/plugins\\\/auxin-portfolio\\\/public\\\/templates\\\/elements\",\"universal_id\":\"au2218d1da\",\"query_args\":[],\"term\":\"\",\"reset_query\":true,\"use_wp_query\":false,\"wp_query_args\":[],\"custom_wp_query\":\"\",\"loadmore_type\":null,\"loadmore_label\":null,\"loadmore_per_page\":\"12\",\"term_field\":\"slug\",\"base\":\"aux_recent_portfolios_grid\",\"base_class\":\"aux-widget-recent-portfolios\",\"paged\":\"\",\"override_global_query\":false,\"content\":null,\"skip_wrappers\":false,\"content_width\":1600,\"inview_transition\":\"none\",\"inview_duration\":\"\",\"inview_delay\":\"\",\"inview_repeat\":\"no\",\"inview_offset\":\"\",\"called_from\":\"\"};<\/script><\/section><!-- widget-container -->\t\t\t\t<\/div>\n\t\t\t\t<\/div>\n\t\t\t\t<\/div>\n\t\t\t\t\t<\/div>\n\t\t\t\t<\/div>\n\t\t\t\t<\/div>\n\t\t","protected":false},"excerpt":{"rendered":"<p>references Previous References Progress Trading Trebi\u0161ov ZSSK P\u0159e\u010derp\u00e1vac\u00ed stanice \u010cierna nad Tisou RAMADAN City &#8211; EGYPT FosAgro \u010cerepovec SLOVNAFT Bratislava UNIPETROL RPA<\/p>\n","protected":false},"author":1,"featured_media":0,"parent":0,"menu_order":18,"comment_status":"closed","ping_status":"closed","template":"templates\/page-builder-content.php","meta":{"footnotes":""},"class_list":["post-13659","page","type-page","status-publish","hentry"],"yoast_head":"<!-- This site is optimized with the Yoast SEO plugin v26.7 - https:\/\/yoast.com\/wordpress\/plugins\/seo\/ -->\n<title>Previous Project References - ELEKTROSVIT Svatobo\u0159ice, a. s.<\/title>\n<meta name=\"description\" content=\"We present the company ELEKTROSVIT Svatobo\u0159ice, a.s., a traditional Czech production of electric lighting with a tradition of more than a century. See references.\" \/>\n<meta name=\"robots\" content=\"index, follow, max-snippet:-1, max-image-preview:large, max-video-preview:-1\" \/>\n<link rel=\"canonical\" href=\"https:\/\/elektrosvit.cz\/en\/references\/\" \/>\n<meta property=\"og:locale\" content=\"en_US\" \/>\n<meta property=\"og:type\" content=\"article\" \/>\n<meta property=\"og:title\" content=\"Previous Project References - ELEKTROSVIT Svatobo\u0159ice, a. s.\" \/>\n<meta property=\"og:description\" content=\"We present the company ELEKTROSVIT Svatobo\u0159ice, a.s., a traditional Czech production of electric lighting with a tradition of more than a century. See references.\" \/>\n<meta property=\"og:url\" content=\"https:\/\/elektrosvit.cz\/en\/references\/\" \/>\n<meta property=\"og:site_name\" content=\"ELEKTROSVIT Svatobo\u0159ice, a. s.\" \/>\n<meta property=\"article:modified_time\" content=\"2026-01-26T08:28:05+00:00\" \/>\n<meta property=\"og:image\" content=\"https:\/\/elektrosvit.cz\/wp-content\/uploads\/2025\/08\/elektrosvit-referencie-progress-trading-trebisov-800-531x531.jpg\" \/>\n<meta name=\"twitter:card\" content=\"summary_large_image\" \/>\n<meta name=\"twitter:label1\" content=\"Est. reading time\" \/>\n\t<meta name=\"twitter:data1\" content=\"2 minutes\" \/>\n<script type=\"application\/ld+json\" class=\"yoast-schema-graph\">{\"@context\":\"https:\/\/schema.org\",\"@graph\":[{\"@type\":\"WebPage\",\"@id\":\"https:\/\/elektrosvit.cz\/en\/references\/\",\"url\":\"https:\/\/elektrosvit.cz\/en\/references\/\",\"name\":\"Previous Project References - ELEKTROSVIT Svatobo\u0159ice, a. s.\",\"isPartOf\":{\"@id\":\"https:\/\/elektrosvit.cz\/en\/#website\"},\"primaryImageOfPage\":{\"@id\":\"https:\/\/elektrosvit.cz\/en\/references\/#primaryimage\"},\"image\":{\"@id\":\"https:\/\/elektrosvit.cz\/en\/references\/#primaryimage\"},\"thumbnailUrl\":\"https:\/\/elektrosvit.cz\/wp-content\/uploads\/2025\/08\/elektrosvit-referencie-progress-trading-trebisov-800-531x531.jpg\",\"datePublished\":\"2019-01-09T06:57:55+00:00\",\"dateModified\":\"2026-01-26T08:28:05+00:00\",\"description\":\"We present the company ELEKTROSVIT Svatobo\u0159ice, a.s., a traditional Czech production of electric lighting with a tradition of more than a century. See references.\",\"breadcrumb\":{\"@id\":\"https:\/\/elektrosvit.cz\/en\/references\/#breadcrumb\"},\"inLanguage\":\"en-US\",\"potentialAction\":[{\"@type\":\"ReadAction\",\"target\":[\"https:\/\/elektrosvit.cz\/en\/references\/\"]}]},{\"@type\":\"ImageObject\",\"inLanguage\":\"en-US\",\"@id\":\"https:\/\/elektrosvit.cz\/en\/references\/#primaryimage\",\"url\":\"https:\/\/elektrosvit.cz\/wp-content\/uploads\/2025\/08\/elektrosvit-referencie-progress-trading-trebisov-800-531x531.jpg\",\"contentUrl\":\"https:\/\/elektrosvit.cz\/wp-content\/uploads\/2025\/08\/elektrosvit-referencie-progress-trading-trebisov-800-531x531.jpg\"},{\"@type\":\"BreadcrumbList\",\"@id\":\"https:\/\/elektrosvit.cz\/en\/references\/#breadcrumb\",\"itemListElement\":[{\"@type\":\"ListItem\",\"position\":1,\"name\":\"Home\",\"item\":\"https:\/\/elektrosvit.cz\/en\/\"},{\"@type\":\"ListItem\",\"position\":2,\"name\":\"References\"}]},{\"@type\":\"WebSite\",\"@id\":\"https:\/\/elektrosvit.cz\/en\/#website\",\"url\":\"https:\/\/elektrosvit.cz\/en\/\",\"name\":\"ELEKTROSVIT Svatobo\u0159ice, a. s.\",\"description\":\"Tradi\u010dn\u00ed v\u00fdroba pr\u016fmyslov\u00e9 osv\u011btlovac\u00ed techniky\",\"publisher\":{\"@id\":\"https:\/\/elektrosvit.cz\/en\/#organization\"},\"potentialAction\":[{\"@type\":\"SearchAction\",\"target\":{\"@type\":\"EntryPoint\",\"urlTemplate\":\"https:\/\/elektrosvit.cz\/en\/?s={search_term_string}\"},\"query-input\":{\"@type\":\"PropertyValueSpecification\",\"valueRequired\":true,\"valueName\":\"search_term_string\"}}],\"inLanguage\":\"en-US\"},{\"@type\":\"Organization\",\"@id\":\"https:\/\/elektrosvit.cz\/en\/#organization\",\"name\":\"ELEKTROSVIT Svatobo\u0159ice, a. s.\",\"url\":\"https:\/\/elektrosvit.cz\/en\/\",\"logo\":{\"@type\":\"ImageObject\",\"inLanguage\":\"en-US\",\"@id\":\"https:\/\/elektrosvit.cz\/en\/#\/schema\/logo\/image\/\",\"url\":\"https:\/\/elektrosvit.cz\/wp-content\/uploads\/2026\/01\/elektrosvit-logo-white.svg\",\"contentUrl\":\"https:\/\/elektrosvit.cz\/wp-content\/uploads\/2026\/01\/elektrosvit-logo-white.svg\",\"width\":207,\"height\":33,\"caption\":\"ELEKTROSVIT Svatobo\u0159ice, a. s.\"},\"image\":{\"@id\":\"https:\/\/elektrosvit.cz\/en\/#\/schema\/logo\/image\/\"}}]}<\/script>\n<!-- \/ Yoast SEO plugin. -->","yoast_head_json":{"title":"Previous Project References - ELEKTROSVIT Svatobo\u0159ice, a. s.","description":"We present the company ELEKTROSVIT Svatobo\u0159ice, a.s., a traditional Czech production of electric lighting with a tradition of more than a century. See references.","robots":{"index":"index","follow":"follow","max-snippet":"max-snippet:-1","max-image-preview":"max-image-preview:large","max-video-preview":"max-video-preview:-1"},"canonical":"https:\/\/elektrosvit.cz\/en\/references\/","og_locale":"en_US","og_type":"article","og_title":"Previous Project References - ELEKTROSVIT Svatobo\u0159ice, a. s.","og_description":"We present the company ELEKTROSVIT Svatobo\u0159ice, a.s., a traditional Czech production of electric lighting with a tradition of more than a century. See references.","og_url":"https:\/\/elektrosvit.cz\/en\/references\/","og_site_name":"ELEKTROSVIT Svatobo\u0159ice, a. s.","article_modified_time":"2026-01-26T08:28:05+00:00","og_image":[{"url":"https:\/\/elektrosvit.cz\/wp-content\/uploads\/2025\/08\/elektrosvit-referencie-progress-trading-trebisov-800-531x531.jpg","type":"","width":"","height":""}],"twitter_card":"summary_large_image","twitter_misc":{"Est. reading time":"2 minutes"},"schema":{"@context":"https:\/\/schema.org","@graph":[{"@type":"WebPage","@id":"https:\/\/elektrosvit.cz\/en\/references\/","url":"https:\/\/elektrosvit.cz\/en\/references\/","name":"Previous Project References - ELEKTROSVIT Svatobo\u0159ice, a. s.","isPartOf":{"@id":"https:\/\/elektrosvit.cz\/en\/#website"},"primaryImageOfPage":{"@id":"https:\/\/elektrosvit.cz\/en\/references\/#primaryimage"},"image":{"@id":"https:\/\/elektrosvit.cz\/en\/references\/#primaryimage"},"thumbnailUrl":"https:\/\/elektrosvit.cz\/wp-content\/uploads\/2025\/08\/elektrosvit-referencie-progress-trading-trebisov-800-531x531.jpg","datePublished":"2019-01-09T06:57:55+00:00","dateModified":"2026-01-26T08:28:05+00:00","description":"We present the company ELEKTROSVIT Svatobo\u0159ice, a.s., a traditional Czech production of electric lighting with a tradition of more than a century. See references.","breadcrumb":{"@id":"https:\/\/elektrosvit.cz\/en\/references\/#breadcrumb"},"inLanguage":"en-US","potentialAction":[{"@type":"ReadAction","target":["https:\/\/elektrosvit.cz\/en\/references\/"]}]},{"@type":"ImageObject","inLanguage":"en-US","@id":"https:\/\/elektrosvit.cz\/en\/references\/#primaryimage","url":"https:\/\/elektrosvit.cz\/wp-content\/uploads\/2025\/08\/elektrosvit-referencie-progress-trading-trebisov-800-531x531.jpg","contentUrl":"https:\/\/elektrosvit.cz\/wp-content\/uploads\/2025\/08\/elektrosvit-referencie-progress-trading-trebisov-800-531x531.jpg"},{"@type":"BreadcrumbList","@id":"https:\/\/elektrosvit.cz\/en\/references\/#breadcrumb","itemListElement":[{"@type":"ListItem","position":1,"name":"Home","item":"https:\/\/elektrosvit.cz\/en\/"},{"@type":"ListItem","position":2,"name":"References"}]},{"@type":"WebSite","@id":"https:\/\/elektrosvit.cz\/en\/#website","url":"https:\/\/elektrosvit.cz\/en\/","name":"ELEKTROSVIT Svatobo\u0159ice, a. s.","description":"Tradi\u010dn\u00ed v\u00fdroba pr\u016fmyslov\u00e9 osv\u011btlovac\u00ed techniky","publisher":{"@id":"https:\/\/elektrosvit.cz\/en\/#organization"},"potentialAction":[{"@type":"SearchAction","target":{"@type":"EntryPoint","urlTemplate":"https:\/\/elektrosvit.cz\/en\/?s={search_term_string}"},"query-input":{"@type":"PropertyValueSpecification","valueRequired":true,"valueName":"search_term_string"}}],"inLanguage":"en-US"},{"@type":"Organization","@id":"https:\/\/elektrosvit.cz\/en\/#organization","name":"ELEKTROSVIT Svatobo\u0159ice, a. s.","url":"https:\/\/elektrosvit.cz\/en\/","logo":{"@type":"ImageObject","inLanguage":"en-US","@id":"https:\/\/elektrosvit.cz\/en\/#\/schema\/logo\/image\/","url":"https:\/\/elektrosvit.cz\/wp-content\/uploads\/2026\/01\/elektrosvit-logo-white.svg","contentUrl":"https:\/\/elektrosvit.cz\/wp-content\/uploads\/2026\/01\/elektrosvit-logo-white.svg","width":207,"height":33,"caption":"ELEKTROSVIT Svatobo\u0159ice, a. s."},"image":{"@id":"https:\/\/elektrosvit.cz\/en\/#\/schema\/logo\/image\/"}}]}},"_links":{"self":[{"href":"https:\/\/elektrosvit.cz\/en\/wp-json\/wp\/v2\/pages\/13659","targetHints":{"allow":["GET"]}}],"collection":[{"href":"https:\/\/elektrosvit.cz\/en\/wp-json\/wp\/v2\/pages"}],"about":[{"href":"https:\/\/elektrosvit.cz\/en\/wp-json\/wp\/v2\/types\/page"}],"author":[{"embeddable":true,"href":"https:\/\/elektrosvit.cz\/en\/wp-json\/wp\/v2\/users\/1"}],"replies":[{"embeddable":true,"href":"https:\/\/elektrosvit.cz\/en\/wp-json\/wp\/v2\/comments?post=13659"}],"version-history":[{"count":5,"href":"https:\/\/elektrosvit.cz\/en\/wp-json\/wp\/v2\/pages\/13659\/revisions"}],"predecessor-version":[{"id":14729,"href":"https:\/\/elektrosvit.cz\/en\/wp-json\/wp\/v2\/pages\/13659\/revisions\/14729"}],"wp:attachment":[{"href":"https:\/\/elektrosvit.cz\/en\/wp-json\/wp\/v2\/media?parent=13659"}],"curies":[{"name":"wp","href":"https:\/\/api.w.org\/{rel}","templated":true}]}}